{"id":587,"date":"2015-04-26T07:09:52","date_gmt":"2015-04-26T05:09:52","guid":{"rendered":"https:\/\/apartmani-visnjic.net\/home-2\/"},"modified":"2026-01-19T18:48:09","modified_gmt":"2026-01-19T16:48:09","slug":"home-2","status":"publish","type":"page","link":"https:\/\/apartmani-visnjic.net\/de\/","title":{"rendered":"Home"},"content":{"rendered":"<div class=\"callout-wrap\"><span>Wir begr\u00fc\u00dfen Sie zu touristischen Seiten der Familie Vi\u0161nji\u0107. Stadt Vodice ist bekannt durch seine touristische Tradition und Gastfreundschaft bekannt. Im Anschluss an diese Tradition unserer Familie haben im Tourismus f\u00fcr eine Reihe von Jahren. Unser Angebot wird Ihnen einen angenehmen Aufenthalt in unserer lebendigen dalmatinischen Stadt.<\/span><\/div><!-- END callout-wrap --><br class=\"clear\" \/>\n<div class=\"one_third tt-column\"><div class=\"shadow_img_frame shadow_three_col_large\"><div class=\"img-preload lightbox-img\"><a href=\"https:\/\/apartmani-visnjic.net\/de\/apartment-1\/\" class=\"attachment-fadeIn\" title=\"\" target=\"\"><div class=\"lightbox-zoom zoom-3 zoom-link\" style=\"position:absolute; display: none;\">&nbsp;<\/div><img src='https:\/\/apartmani-visnjic.net\/wp-content\/uploads\/2015\/04\/\/apartmani-visnjic-vodice-a1-437x234.jpg' alt='' class=\"attachment-fadeIn\" \/><\/a><\/div><\/div><div class=\"fp-boxes\">\n<h4 class=\"box-title\"><a href=\"https:\/\/apartmani-visnjic.net\/de\/apartment-1\/\">Apartment 1<\/a><\/h4>\n<p>Moderne und voll ausgestattete Wohnung mit gro\u00dfem Balkon, der Meer und die Inseln in der Nahe &#8230;<\/p>\n<div class=\"ap-details\">\n<div class=\"calendar-icon\"><a class=\"availability\" href=\"https:\/\/apartmani-visnjic.net\/de\/apartment-1\/\"><i class=\"fa fa-calendar\"><\/i><\/a><\/div>\n<div class=\"facilities\">\n<strong class=\"color_text\">PERSONEN: <\/strong>2 + 3<br \/>\n<strong class=\"color_text\">PREIS:<\/strong> 30\/60\u20ac\n<\/div>\n<\/div>\n<\/div>\n<\/div><div class=\"one_third tt-column\"><div class=\"shadow_img_frame shadow_three_col_large\"><div class=\"img-preload lightbox-img\"><a href=\"https:\/\/apartmani-visnjic.net\/de\/apartment-2\/\" class=\"attachment-fadeIn\" title=\"\" target=\"\"><div class=\"lightbox-zoom zoom-3 zoom-link\" style=\"position:absolute; display: none;\">&nbsp;<\/div><img src='https:\/\/apartmani-visnjic.net\/wp-content\/uploads\/2015\/09\/\/apartmani-vodice-visnjic-a2-4-437x234.jpg' alt='' class=\"attachment-fadeIn\" \/><\/a><\/div><\/div><div class=\"fp-boxes\">\n<h4 class=\"box-title\"><a href=\"https:\/\/apartmani-visnjic.net\/de\/apartment-2\/\">Apartment 2<\/a><\/h4>\n<p>Einfach und funktional eingerichtete Wohnung mit gro\u00dfer Terrasse vor mit Blick auf Garten&#8230;<\/p>\n<div class=\"ap-details\">\n<div class=\"calendar-icon\"><a class=\"availability\" href=\"https:\/\/apartmani-visnjic.net\/de\/apartment-2\/\"><i class=\"fa fa-calendar\"><\/i><\/a><\/div>\n<div class=\"facilities\"><strong class=\"color_text\">PERSONEN: <\/strong>2 + 3<br \/>\n<strong class=\"color_text\">PREIS:<\/strong> 30\/60\u20ac\n<\/div>\n<\/div>\n<\/div>\n<\/div><div class=\"one_third_last tt-column\"><div class=\"shadow_img_frame shadow_three_col_large\"><div class=\"img-preload lightbox-img\"><a href=\"https:\/\/apartmani-visnjic.net\/de\/apartment-3\/\" class=\"attachment-fadeIn\" title=\"\" target=\"\"><div class=\"lightbox-zoom zoom-3 zoom-link\" style=\"position:absolute; display: none;\">&nbsp;<\/div><img src='https:\/\/apartmani-visnjic.net\/wp-content\/uploads\/2015\/04\/\/apartmani-visnjic-vodice-a3-437x234.jpg' alt='' class=\"attachment-fadeIn\" \/><\/a><\/div><\/div><div class=\"fp-boxes\">\n<h4 class=\"box-title\"><a href=\"https:\/\/apartmani-visnjic.net\/de\/apartment-3\/\">Apartment 3<\/a><\/h4>\n<p>Einfach und voll ausgestattete Familien-Wohnung mit gro\u00dfer Terrasse im sch\u00f6nen Garten mit Brunnen&#8230;<\/p>\n<div class=\"ap-details\">\n<div class=\"calendar-icon\"><a class=\"availability\" href=\"https:\/\/apartmani-visnjic.net\/de\/apartment-3\/\"><i class=\"fa fa-calendar\"><\/i><\/a><\/div>\n<div class=\"facilities\"><strong class=\"color_text\">PERSONEN: <\/strong>4 + 4<br \/>\n<strong class=\"color_text\">PREIS:<\/strong> 50\/80\u20ac\n<\/div>\n<\/div>\n<\/div>\n<\/div><br class=\"clear\" \/><div class=\"hr\">&nbsp;<\/div><h2 class=\"box-title\">Rent a Boat<\/h2>\n<div class=\"bt-list\">\n<p>Wir bieten attraktive Boote zum Mieten an, mit denen Sie die Sch\u00f6nheit der Inseln, Buchten und Str\u00e4nde, die auf dem Landweg nicht zug\u00e4nglich sind, genie\u00dfen und erkunden k\u00f6nnen. Alle Boote sind komplett ausgestattet und zu erschwinglichen Preisen erh\u00e4ltlich.<\/p>\n<p>Mieten Sie eine Wohnung und <strong>erhalten Sie einen Sonderrabatt<\/strong> f\u00fcr den Mietbootservice.<\/p>\n<\/div>\n<div class=\"one_half tt-column\"><div class=\"bt-details\">\n<div class=\"shadow_img_frame shadow_two_col_large\"><div class=\"img-preload lightbox-img\"><a href=\"https:\/\/vodice-rentaboat.com\/de\/schnellboot-beneteau-flyer-7\/\" class=\"attachment-fadeIn\" title=\"\" target=\"\"><div class=\"lightbox-zoom zoom-2 zoom-link\" style=\"position:absolute; display: none;\">&nbsp;<\/div><img src='https:\/\/apartmani-visnjic.net\/wp-content\/uploads\/2023\/02\/\/rent-a-boat-vodice-beneteau-flyer-7-13-437x234.png' alt='' class=\"attachment-fadeIn\" \/><\/a><\/div><\/div><p class=\"facilities\"><a class=\"boats-title\" href=\"https:\/\/vodice-rentaboat.com\/de\/schnellboot-beneteau-flyer-7\/\">Schnellboot Beneteau Flyer 7<\/a><br \/>\n<span class=\"no-margin small\">L\u00e4nge: 7.90m \/ Machine: Suzuki 200PS \/ Geschwindigkeit: 35Nm \/ Kapazit\u00e4t: 9 Personen<\/span><\/p>\n<\/div>\n<div class=\"bt-details\">\n<div class=\"shadow_img_frame shadow_two_col_large\"><div class=\"img-preload lightbox-img\"><a href=\"https:\/\/vodice-rentaboat.com\/de\/motorboot-jeanneau-cap-camarat-6-5-wa\/\" class=\"attachment-fadeIn\" title=\"\" target=\"\"><div class=\"lightbox-zoom zoom-2 zoom-link\" style=\"position:absolute; display: none;\">&nbsp;<\/div><img src='https:\/\/apartmani-visnjic.net\/wp-content\/uploads\/2026\/01\/\/rent-a-boat-vodice-speed-boat-jeanneau-cap-camarat-6_5-wa-437x234.jpg' alt='' class=\"attachment-fadeIn\" \/><\/a><\/div><\/div><p class=\"facilities\"><a class=\"boats-title\" href=\"https:\/\/vodice-rentaboat.com\/de\/motorboot-jeanneau-cap-camarat-6-5-wa\/\">Schnellboot Jeanneau Cap Camarat 6.5 WA<\/a><br \/>\n<span class=\"no-margin small\">L\u00e4nge: 6.60m \/ Machine: Yamaha 200PS \/ Geschwindigkeit: 50Nm \/ Kapazit\u00e4t: 8 Personen<\/span><\/p>\n<\/div>\n<\/div><div class=\"one_half_last tt-column\"><div class=\"bt-details\">\n<div class=\"shadow_img_frame shadow_two_col_large\"><div class=\"img-preload lightbox-img\"><a href=\"https:\/\/vodice-rentaboat.com\/de\/rib-schnellboot-bsc-ebony-78\/\" class=\"attachment-fadeIn\" title=\"\" target=\"\"><div class=\"lightbox-zoom zoom-2 zoom-link\" style=\"position:absolute; display: none;\">&nbsp;<\/div><img src='https:\/\/apartmani-visnjic.net\/wp-content\/uploads\/2022\/01\/\/Speedboat-BSC-Ebony-78-3-437x234.png' alt='' class=\"attachment-fadeIn\" \/><\/a><\/div><\/div><p class=\"facilities\"><a class=\"boats-title\" href=\"https:\/\/vodice-rentaboat.com\/de\/rib-schnellboot-bsc-ebony-78\/\">Schnellboot BSC Ebony 78<\/a><br \/>\n<span class=\"no-margin small\">L\u00e4nge: 7.90m \/ Machine: Honda 250PS \/ Geschwindigkeit: 35Nm \/ Kapazit\u00e4t: 9 Personen<\/span><\/p>\n<\/div>\n<div class=\"bt-details\">\n<div class=\"shadow_img_frame shadow_two_col_large\"><div class=\"img-preload lightbox-img\"><a href=\"https:\/\/vodice-rentaboat.com\/de\/sportboot-ven-501-k\/\" class=\"attachment-fadeIn\" title=\"\" target=\"\"><div class=\"lightbox-zoom zoom-2 zoom-link\" style=\"position:absolute; display: none;\">&nbsp;<\/div><img src='https:\/\/apartmani-visnjic.net\/wp-content\/uploads\/2015\/05\/\/rent-a-boat-vodice-ven-501k-6-437x234.jpg' alt='' class=\"attachment-fadeIn\" \/><\/a><\/div><\/div><p class=\"facilities\"><a class=\"boats-title\" href=\"https:\/\/vodice-rentaboat.com\/de\/sportboot-ven-501-k\/\">Sport Boot VEN 501 K<\/a><br \/>\n<span class=\"no-margin small\">L\u00e4nge: 4.99m \/ Machine: Honda 8PS \/ Geschwindigkeit: 6Nm \/ Kapazit\u00e4t: 6 Personen<\/span><\/p>\n<\/div>\n<\/div><br class=\"clear\" \/>","protected":false},"excerpt":{"rendered":"<p>Rent a Boat<\/p>\n<p>Wir bieten attraktive Boote zum Mieten an, mit denen Sie die Sch\u00f6nheit der Inseln, Buchten und Str\u00e4nde, die auf dem Landweg nicht zug\u00e4nglich sind, genie\u00dfen und erkunden k\u00f6nnen. Alle Boote sind komplett ausgestattet und zu erschwinglichen Preisen erh\u00e4ltlich.<br \/>\nMieten Sie eine Wohnung und erhalten Sie einen Sonderrabatt f\u00fcr den Mietbootservice.<\/p>\n","protected":false},"author":1,"featured_media":0,"parent":0,"menu_order":0,"comment_status":"closed","ping_status":"closed","template":"template-blank-canvas.php","meta":[],"yoast_head":"<!-- This site is optimized with the Yoast SEO plugin v20.3 - https:\/\/yoast.com\/wordpress\/plugins\/seo\/ -->\n<title>Apartmets Vodice - Private Accommodation Vi\u0161nji\u0107<\/title>\n<meta name=\"description\" content=\"Ferienwohnungen Vodice - Moderne und komfortable Apartments Vi\u0161nji\u0107 in ruhigen Teil von Vodice, nur 150 Meter vom Strand und wenige Gehminuten vom Stadtzentrum entfernt.\" \/>\n<meta name=\"robots\" content=\"index, follow, max-snippet:-1, max-image-preview:large, max-video-preview:-1\" \/>\n<link rel=\"canonical\" href=\"https:\/\/apartmani-visnjic.net\/de\/\" \/>\n<meta property=\"og:locale\" content=\"de_DE\" \/>\n<meta property=\"og:type\" content=\"article\" \/>\n<meta property=\"og:title\" content=\"Apartmets Vodice - Private Accommodation Vi\u0161nji\u0107\" \/>\n<meta property=\"og:description\" content=\"Ferienwohnungen Vodice - Moderne und komfortable Apartments Vi\u0161nji\u0107 in ruhigen Teil von Vodice, nur 150 Meter vom Strand und wenige Gehminuten vom Stadtzentrum entfernt.\" \/>\n<meta property=\"og:url\" content=\"https:\/\/apartmani-visnjic.net\/de\/\" \/>\n<meta property=\"og:site_name\" content=\"Apartments Vodice\" \/>\n<meta property=\"article:modified_time\" content=\"2026-01-19T16:48:09+00:00\" \/>\n<meta property=\"og:image\" content=\"https:\/\/apartmani-visnjic.net\/wp-content\/uploads\/2015\/09\/apartmani-vodice-visnjic-a2-1.jpg\" \/>\n\t<meta property=\"og:image:width\" content=\"1000\" \/>\n\t<meta property=\"og:image:height\" content=\"668\" \/>\n\t<meta property=\"og:image:type\" content=\"image\/jpeg\" \/>\n<meta name=\"twitter:card\" content=\"summary_large_image\" \/>\n<meta name=\"twitter:label1\" content=\"Gesch\u00e4tzte Lesezeit\" \/>\n\t<meta name=\"twitter:data1\" content=\"2\u00a0Minuten\" \/>\n<script type=\"application\/ld+json\" class=\"yoast-schema-graph\">{\"@context\":\"https:\/\/schema.org\",\"@graph\":[{\"@type\":\"WebPage\",\"@id\":\"https:\/\/apartmani-visnjic.net\/de\/\",\"url\":\"https:\/\/apartmani-visnjic.net\/de\/\",\"name\":\"Apartmets Vodice - Private Accommodation Vi\u0161nji\u0107\",\"isPartOf\":{\"@id\":\"https:\/\/apartmani-visnjic.net\/#website\"},\"datePublished\":\"2015-04-26T05:09:52+00:00\",\"dateModified\":\"2026-01-19T16:48:09+00:00\",\"description\":\"Ferienwohnungen Vodice - Moderne und komfortable Apartments Vi\u0161nji\u0107 in ruhigen Teil von Vodice, nur 150 Meter vom Strand und wenige Gehminuten vom Stadtzentrum entfernt.\",\"breadcrumb\":{\"@id\":\"https:\/\/apartmani-visnjic.net\/de\/#breadcrumb\"},\"inLanguage\":\"de\",\"potentialAction\":[{\"@type\":\"ReadAction\",\"target\":[\"https:\/\/apartmani-visnjic.net\/de\/\"]}]},{\"@type\":\"BreadcrumbList\",\"@id\":\"https:\/\/apartmani-visnjic.net\/de\/#breadcrumb\",\"itemListElement\":[{\"@type\":\"ListItem\",\"position\":1,\"name\":\"Home\",\"item\":\"https:\/\/apartmani-visnjic.net\/de\/\"},{\"@type\":\"ListItem\",\"position\":2,\"name\":\"Home\"}]},{\"@type\":\"WebSite\",\"@id\":\"https:\/\/apartmani-visnjic.net\/#website\",\"url\":\"https:\/\/apartmani-visnjic.net\/\",\"name\":\"Apartments Vodice\",\"description\":\"Private accommodation Vi\u0161nji\u0107 - Vodice, Croatia\",\"publisher\":{\"@id\":\"https:\/\/apartmani-visnjic.net\/#organization\"},\"potentialAction\":[{\"@type\":\"SearchAction\",\"target\":{\"@type\":\"EntryPoint\",\"urlTemplate\":\"https:\/\/apartmani-visnjic.net\/?s={search_term_string}\"},\"query-input\":\"required name=search_term_string\"}],\"inLanguage\":\"de\"},{\"@type\":\"Organization\",\"@id\":\"https:\/\/apartmani-visnjic.net\/#organization\",\"name\":\"Apartments Vi\u0161nji\u0107 - Vodice\",\"url\":\"https:\/\/apartmani-visnjic.net\/\",\"logo\":{\"@type\":\"ImageObject\",\"inLanguage\":\"de\",\"@id\":\"https:\/\/apartmani-visnjic.net\/#\/schema\/logo\/image\/\",\"url\":\"https:\/\/apartmani-visnjic.net\/wp-content\/uploads\/2016\/01\/logo.png\",\"contentUrl\":\"https:\/\/apartmani-visnjic.net\/wp-content\/uploads\/2016\/01\/logo.png\",\"width\":670,\"height\":250,\"caption\":\"Apartments Vi\u0161nji\u0107 - Vodice\"},\"image\":{\"@id\":\"https:\/\/apartmani-visnjic.net\/#\/schema\/logo\/image\/\"}}]}<\/script>\n<!-- \/ Yoast SEO plugin. -->","yoast_head_json":{"title":"Apartmets Vodice - Private Accommodation Vi\u0161nji\u0107","description":"Ferienwohnungen Vodice - Moderne und komfortable Apartments Vi\u0161nji\u0107 in ruhigen Teil von Vodice, nur 150 Meter vom Strand und wenige Gehminuten vom Stadtzentrum entfernt.","robots":{"index":"index","follow":"follow","max-snippet":"max-snippet:-1","max-image-preview":"max-image-preview:large","max-video-preview":"max-video-preview:-1"},"canonical":"https:\/\/apartmani-visnjic.net\/de\/","og_locale":"de_DE","og_type":"article","og_title":"Apartmets Vodice - Private Accommodation Vi\u0161nji\u0107","og_description":"Ferienwohnungen Vodice - Moderne und komfortable Apartments Vi\u0161nji\u0107 in ruhigen Teil von Vodice, nur 150 Meter vom Strand und wenige Gehminuten vom Stadtzentrum entfernt.","og_url":"https:\/\/apartmani-visnjic.net\/de\/","og_site_name":"Apartments Vodice","article_modified_time":"2026-01-19T16:48:09+00:00","og_image":[{"width":1000,"height":668,"url":"https:\/\/apartmani-visnjic.net\/wp-content\/uploads\/2015\/09\/apartmani-vodice-visnjic-a2-1.jpg","type":"image\/jpeg"}],"twitter_card":"summary_large_image","twitter_misc":{"Gesch\u00e4tzte Lesezeit":"2\u00a0Minuten"},"schema":{"@context":"https:\/\/schema.org","@graph":[{"@type":"WebPage","@id":"https:\/\/apartmani-visnjic.net\/de\/","url":"https:\/\/apartmani-visnjic.net\/de\/","name":"Apartmets Vodice - Private Accommodation Vi\u0161nji\u0107","isPartOf":{"@id":"https:\/\/apartmani-visnjic.net\/#website"},"datePublished":"2015-04-26T05:09:52+00:00","dateModified":"2026-01-19T16:48:09+00:00","description":"Ferienwohnungen Vodice - Moderne und komfortable Apartments Vi\u0161nji\u0107 in ruhigen Teil von Vodice, nur 150 Meter vom Strand und wenige Gehminuten vom Stadtzentrum entfernt.","breadcrumb":{"@id":"https:\/\/apartmani-visnjic.net\/de\/#breadcrumb"},"inLanguage":"de","potentialAction":[{"@type":"ReadAction","target":["https:\/\/apartmani-visnjic.net\/de\/"]}]},{"@type":"BreadcrumbList","@id":"https:\/\/apartmani-visnjic.net\/de\/#breadcrumb","itemListElement":[{"@type":"ListItem","position":1,"name":"Home","item":"https:\/\/apartmani-visnjic.net\/de\/"},{"@type":"ListItem","position":2,"name":"Home"}]},{"@type":"WebSite","@id":"https:\/\/apartmani-visnjic.net\/#website","url":"https:\/\/apartmani-visnjic.net\/","name":"Apartments Vodice","description":"Private accommodation Vi\u0161nji\u0107 - Vodice, Croatia","publisher":{"@id":"https:\/\/apartmani-visnjic.net\/#organization"},"potentialAction":[{"@type":"SearchAction","target":{"@type":"EntryPoint","urlTemplate":"https:\/\/apartmani-visnjic.net\/?s={search_term_string}"},"query-input":"required name=search_term_string"}],"inLanguage":"de"},{"@type":"Organization","@id":"https:\/\/apartmani-visnjic.net\/#organization","name":"Apartments Vi\u0161nji\u0107 - Vodice","url":"https:\/\/apartmani-visnjic.net\/","logo":{"@type":"ImageObject","inLanguage":"de","@id":"https:\/\/apartmani-visnjic.net\/#\/schema\/logo\/image\/","url":"https:\/\/apartmani-visnjic.net\/wp-content\/uploads\/2016\/01\/logo.png","contentUrl":"https:\/\/apartmani-visnjic.net\/wp-content\/uploads\/2016\/01\/logo.png","width":670,"height":250,"caption":"Apartments Vi\u0161nji\u0107 - Vodice"},"image":{"@id":"https:\/\/apartmani-visnjic.net\/#\/schema\/logo\/image\/"}}]}},"_links":{"self":[{"href":"https:\/\/apartmani-visnjic.net\/de\/wp-json\/wp\/v2\/pages\/587"}],"collection":[{"href":"https:\/\/apartmani-visnjic.net\/de\/wp-json\/wp\/v2\/pages"}],"about":[{"href":"https:\/\/apartmani-visnjic.net\/de\/wp-json\/wp\/v2\/types\/page"}],"author":[{"embeddable":true,"href":"https:\/\/apartmani-visnjic.net\/de\/wp-json\/wp\/v2\/users\/1"}],"replies":[{"embeddable":true,"href":"https:\/\/apartmani-visnjic.net\/de\/wp-json\/wp\/v2\/comments?post=587"}],"version-history":[{"count":6,"href":"https:\/\/apartmani-visnjic.net\/de\/wp-json\/wp\/v2\/pages\/587\/revisions"}],"predecessor-version":[{"id":1794,"href":"https:\/\/apartmani-visnjic.net\/de\/wp-json\/wp\/v2\/pages\/587\/revisions\/1794"}],"wp:attachment":[{"href":"https:\/\/apartmani-visnjic.net\/de\/wp-json\/wp\/v2\/media?parent=587"}],"curies":[{"name":"wp","href":"https:\/\/api.w.org\/{rel}","templated":true}]}}