{"id":659,"date":"2015-04-26T10:08:01","date_gmt":"2015-04-26T08:08:01","guid":{"rendered":"https:\/\/apartmani-visnjic.net\/contact-2\/"},"modified":"2015-05-09T22:02:52","modified_gmt":"2015-05-09T20:02:52","slug":"kontakt","status":"publish","type":"page","link":"https:\/\/apartmani-visnjic.net\/de\/kontakt\/","title":{"rendered":"Kontakt"},"content":{"rendered":"<div class=\"one_half tt-column\"><p>Bitte z\u00f6gern Sie nicht zu fragen, und kontaktieren Sie uns f\u00fcr alle Fragen und Vereinbarungen in Bezug auf Ihren Aufenthalt in Vodice. Wir sind gl\u00fccklich, zu beantworten und liefert alle erforderlichen Informationen, um Entscheidungen herangezogen und haben angenehmen Urlaub.<br \/>\n&nbsp;<\/p>\n<div class=\"wpcf7 no-js\" id=\"wpcf7-f818-o1\" lang=\"de-DE\" dir=\"ltr\">\n<div class=\"screen-reader-response\">\n<p role=\"status\" aria-live=\"polite\" aria-atomic=\"true\">\n<ul><\/ul>\n<\/div>\n<form action=\"\/de\/wp-json\/wp\/v2\/pages\/659#wpcf7-f818-o1\" method=\"post\" class=\"wpcf7-form init\" aria-label=\"Kontaktformular\" novalidate=\"novalidate\" data-status=\"init\">\n<div style=\"display: none;\">\n<input type=\"hidden\" name=\"_wpcf7\" value=\"818\" \/><br \/>\n<input type=\"hidden\" name=\"_wpcf7_version\" value=\"5.7.4\" \/><br \/>\n<input type=\"hidden\" name=\"_wpcf7_locale\" value=\"de_DE\" \/><br \/>\n<input type=\"hidden\" name=\"_wpcf7_unit_tag\" value=\"wpcf7-f818-o1\" \/><br \/>\n<input type=\"hidden\" name=\"_wpcf7_container_post\" value=\"0\" \/><br \/>\n<input type=\"hidden\" name=\"_wpcf7_posted_data_hash\" value=\"\" \/>\n<\/div>\n<p>Name:<br \/>\n<span class=\"wpcf7-form-control-wrap\" data-name=\"your-name\"><input size=\"40\" class=\"wpcf7-form-control wpcf7-text wpcf7-validates-as-required\" aria-required=\"true\" aria-invalid=\"false\" value=\"\" type=\"text\" name=\"your-name\" \/><\/span>\n<\/p>\n<p><span id=\"wpcf7-69f205f0d11c6-wrapper\" class=\"wpcf7-form-control-wrap surname-wrap\" ><input type=\"hidden\" name=\"surname-time-start\" value=\"1777468912\"><input type=\"hidden\" name=\"surname-time-check\" value=\"4\"><input id=\"wpcf7-69f205f0d11c6-field\"  placeholder=\"Surname\"  class=\"wpcf7-form-control wpcf7-text\" type=\"text\" name=\"surname\" value=\"\" size=\"40\" tabindex=\"-1\" autocomplete=\"off\" \/><\/span>\n<\/p>\n<p>Email:<br \/>\n<span class=\"wpcf7-form-control-wrap\" data-name=\"your-email\"><input size=\"40\" class=\"wpcf7-form-control wpcf7-text wpcf7-email wpcf7-validates-as-required wpcf7-validates-as-email\" aria-required=\"true\" aria-invalid=\"false\" value=\"\" type=\"email\" name=\"your-email\" \/><\/span>\n<\/p>\n<p>Telefon:<br \/>\n<span class=\"wpcf7-form-control-wrap\" data-name=\"your-phone\"><input size=\"40\" class=\"wpcf7-form-control wpcf7-text wpcf7-tel wpcf7-validates-as-tel\" aria-invalid=\"false\" value=\"\" type=\"tel\" name=\"your-phone\" \/><\/span>\n<\/p>\n<p>Ihre Anfrage ist verwandt mit:<br \/>\n<span class=\"wpcf7-form-control-wrap\" data-name=\"your-subject\"><select class=\"wpcf7-form-control wpcf7-select wpcf7-validates-as-required\" aria-required=\"true\" aria-invalid=\"false\" name=\"your-subject\"><option value=\"\">&#8211; Bitte ausw\u00e4hlen &#8211;<\/option><option value=\"Apartment 1\">Apartment 1<\/option><option value=\"Apartment 2\">Apartment 2<\/option><option value=\"Apartment 3\">Apartment 3<\/option><option value=\"Rennboot BSC Ebony 78\">Rennboot BSC Ebony 78<\/option><option value=\"Rennboot Beneteau Flyer 7\">Rennboot Beneteau Flyer 7<\/option><option value=\"Rennboot Eolo 590\">Rennboot Eolo 590<\/option><option value=\"Schiff VEN 501 K\">Schiff VEN 501 K<\/option><\/select><\/span>\n<\/p>\n<p>Anfrage:<br \/>\n<span class=\"wpcf7-form-control-wrap\" data-name=\"your-question\"><textarea cols=\"40\" rows=\"10\" class=\"wpcf7-form-control wpcf7-textarea wpcf7-validates-as-required\" aria-required=\"true\" aria-invalid=\"false\" name=\"your-question\"><\/textarea><\/span>\n<\/p>\n<p><input class=\"wpcf7-form-control has-spinner wpcf7-submit\" type=\"submit\" value=\"Senden\" \/>\n<\/p>\n<div class=\"wpcf7-response-output\" aria-hidden=\"true\"><\/div>\n<\/form>\n<\/div>\n<\/div><div class=\"one_half_last tt-column\"><div class=\"wc-gallery\">\n<div id='gallery-1' data-gutter-width='10' data-columns='2' class='gallery wc-gallery-captions-hide gallery-link-file gallery-masonry galleryid-659 gallery-columns-2 gallery-size-medium wc-gallery-bottomspace-ten wc-gallery-clear'>\n<div class='gallery-item gallery-item-position-1 gallery-item-attachment-1372'>\n<div class='gallery-icon landscape'>\n\t\t\t\t\t<a href='https:\/\/apartmani-visnjic.net\/wp-content\/uploads\/2015\/05\/apartments-vodice-visnjic-front.jpg' title='apartments-vodice-visnjic-front' target='_self'><img width=\"300\" height=\"200\" src=\"https:\/\/apartmani-visnjic.net\/wp-content\/uploads\/2015\/05\/apartments-vodice-visnjic-front-300x200.jpg\" class=\"attachment-medium size-medium\" alt=\"\" decoding=\"async\" srcset=\"https:\/\/apartmani-visnjic.net\/wp-content\/uploads\/2015\/05\/apartments-vodice-visnjic-front-300x200.jpg 300w, https:\/\/apartmani-visnjic.net\/wp-content\/uploads\/2015\/05\/apartments-vodice-visnjic-front-250x167.jpg 250w, https:\/\/apartmani-visnjic.net\/wp-content\/uploads\/2015\/05\/apartments-vodice-visnjic-front-550x367.jpg 550w, https:\/\/apartmani-visnjic.net\/wp-content\/uploads\/2015\/05\/apartments-vodice-visnjic-front-800x534.jpg 800w, https:\/\/apartmani-visnjic.net\/wp-content\/uploads\/2015\/05\/apartments-vodice-visnjic-front-270x180.jpg 270w, https:\/\/apartmani-visnjic.net\/wp-content\/uploads\/2015\/05\/apartments-vodice-visnjic-front-450x300.jpg 450w, https:\/\/apartmani-visnjic.net\/wp-content\/uploads\/2015\/05\/apartments-vodice-visnjic-front-749x500.jpg 749w, https:\/\/apartmani-visnjic.net\/wp-content\/uploads\/2015\/05\/apartments-vodice-visnjic-front.jpg 908w\" sizes=\"(max-width: 300px) 100vw, 300px\" \/><\/a>\n\t\t\t\t<\/div>\n<\/div>\n<div class='gallery-item gallery-item-position-2 gallery-item-attachment-1282'>\n<div class='gallery-icon landscape'>\n\t\t\t\t\t<a href='https:\/\/apartmani-visnjic.net\/wp-content\/uploads\/2015\/04\/apartmani-visnjic-vodice-terasa.jpg' title='apartmani-visnjic-vodice-terasa' target='_self'><img width=\"300\" height=\"200\" src=\"https:\/\/apartmani-visnjic.net\/wp-content\/uploads\/2015\/04\/apartmani-visnjic-vodice-terasa-300x200.jpg\" class=\"attachment-medium size-medium\" alt=\"\" decoding=\"async\" srcset=\"https:\/\/apartmani-visnjic.net\/wp-content\/uploads\/2015\/04\/apartmani-visnjic-vodice-terasa-300x200.jpg 300w, https:\/\/apartmani-visnjic.net\/wp-content\/uploads\/2015\/04\/apartmani-visnjic-vodice-terasa-250x167.jpg 250w, https:\/\/apartmani-visnjic.net\/wp-content\/uploads\/2015\/04\/apartmani-visnjic-vodice-terasa-550x367.jpg 550w, https:\/\/apartmani-visnjic.net\/wp-content\/uploads\/2015\/04\/apartmani-visnjic-vodice-terasa-800x534.jpg 800w, https:\/\/apartmani-visnjic.net\/wp-content\/uploads\/2015\/04\/apartmani-visnjic-vodice-terasa-269x180.jpg 269w, https:\/\/apartmani-visnjic.net\/wp-content\/uploads\/2015\/04\/apartmani-visnjic-vodice-terasa-449x300.jpg 449w, https:\/\/apartmani-visnjic.net\/wp-content\/uploads\/2015\/04\/apartmani-visnjic-vodice-terasa-749x500.jpg 749w, https:\/\/apartmani-visnjic.net\/wp-content\/uploads\/2015\/04\/apartmani-visnjic-vodice-terasa.jpg 1000w\" sizes=\"(max-width: 300px) 100vw, 300px\" \/><\/a>\n\t\t\t\t<\/div>\n<\/div>\n<div class='gallery-item gallery-item-position-3 gallery-item-attachment-1264'>\n<div class='gallery-icon landscape'>\n\t\t\t\t\t<a href='https:\/\/apartmani-visnjic.net\/wp-content\/uploads\/2015\/04\/apartments-vodice-visnjic-apartment1-room1.jpg' title='apartments-vodice-visnjic-apartment1-room1' target='_self'><img width=\"300\" height=\"200\" src=\"https:\/\/apartmani-visnjic.net\/wp-content\/uploads\/2015\/04\/apartments-vodice-visnjic-apartment1-room1-300x200.jpg\" class=\"attachment-medium size-medium\" alt=\"\" decoding=\"async\" srcset=\"https:\/\/apartmani-visnjic.net\/wp-content\/uploads\/2015\/04\/apartments-vodice-visnjic-apartment1-room1-300x200.jpg 300w, https:\/\/apartmani-visnjic.net\/wp-content\/uploads\/2015\/04\/apartments-vodice-visnjic-apartment1-room1-1024x684.jpg 1024w, https:\/\/apartmani-visnjic.net\/wp-content\/uploads\/2015\/04\/apartments-vodice-visnjic-apartment1-room1-250x167.jpg 250w, https:\/\/apartmani-visnjic.net\/wp-content\/uploads\/2015\/04\/apartments-vodice-visnjic-apartment1-room1-550x367.jpg 550w, https:\/\/apartmani-visnjic.net\/wp-content\/uploads\/2015\/04\/apartments-vodice-visnjic-apartment1-room1-800x534.jpg 800w, https:\/\/apartmani-visnjic.net\/wp-content\/uploads\/2015\/04\/apartments-vodice-visnjic-apartment1-room1-270x180.jpg 270w, https:\/\/apartmani-visnjic.net\/wp-content\/uploads\/2015\/04\/apartments-vodice-visnjic-apartment1-room1-449x300.jpg 449w, https:\/\/apartmani-visnjic.net\/wp-content\/uploads\/2015\/04\/apartments-vodice-visnjic-apartment1-room1-749x500.jpg 749w, https:\/\/apartmani-visnjic.net\/wp-content\/uploads\/2015\/04\/apartments-vodice-visnjic-apartment1-room1.jpg 1150w\" sizes=\"(max-width: 300px) 100vw, 300px\" \/><\/a>\n\t\t\t\t<\/div>\n<\/div>\n<div class='gallery-item gallery-item-position-4 gallery-item-attachment-1256'>\n<div class='gallery-icon landscape'>\n\t\t\t\t\t<a href='https:\/\/apartmani-visnjic.net\/wp-content\/uploads\/2015\/04\/apartments-vodice-visnjic-apartment1-dining-room-kitchen2.jpg' title='apartments-vodice-visnjic-apartment1-dining-room-kitchen2' target='_self'><img width=\"300\" height=\"200\" src=\"https:\/\/apartmani-visnjic.net\/wp-content\/uploads\/2015\/04\/apartments-vodice-visnjic-apartment1-dining-room-kitchen2-300x200.jpg\" class=\"attachment-medium size-medium\" alt=\"\" decoding=\"async\" srcset=\"https:\/\/apartmani-visnjic.net\/wp-content\/uploads\/2015\/04\/apartments-vodice-visnjic-apartment1-dining-room-kitchen2-300x200.jpg 300w, https:\/\/apartmani-visnjic.net\/wp-content\/uploads\/2015\/04\/apartments-vodice-visnjic-apartment1-dining-room-kitchen2-1024x684.jpg 1024w, https:\/\/apartmani-visnjic.net\/wp-content\/uploads\/2015\/04\/apartments-vodice-visnjic-apartment1-dining-room-kitchen2-250x167.jpg 250w, https:\/\/apartmani-visnjic.net\/wp-content\/uploads\/2015\/04\/apartments-vodice-visnjic-apartment1-dining-room-kitchen2-550x367.jpg 550w, https:\/\/apartmani-visnjic.net\/wp-content\/uploads\/2015\/04\/apartments-vodice-visnjic-apartment1-dining-room-kitchen2-800x534.jpg 800w, https:\/\/apartmani-visnjic.net\/wp-content\/uploads\/2015\/04\/apartments-vodice-visnjic-apartment1-dining-room-kitchen2-270x180.jpg 270w, https:\/\/apartmani-visnjic.net\/wp-content\/uploads\/2015\/04\/apartments-vodice-visnjic-apartment1-dining-room-kitchen2-449x300.jpg 449w, https:\/\/apartmani-visnjic.net\/wp-content\/uploads\/2015\/04\/apartments-vodice-visnjic-apartment1-dining-room-kitchen2-749x500.jpg 749w, https:\/\/apartmani-visnjic.net\/wp-content\/uploads\/2015\/04\/apartments-vodice-visnjic-apartment1-dining-room-kitchen2.jpg 1150w\" sizes=\"(max-width: 300px) 100vw, 300px\" \/><\/a>\n\t\t\t\t<\/div>\n<\/div>\n<div class='gallery-item gallery-item-position-5 gallery-item-attachment-1276'>\n<div class='gallery-icon landscape'>\n\t\t\t\t\t<a href='https:\/\/apartmani-visnjic.net\/wp-content\/uploads\/2015\/04\/apartments-vodice-visnjic-apartment2-dining-room-kitchen.jpg' title='apartments-vodice-visnjic-apartment2-dining-room-kitchen' target='_self'><img width=\"300\" height=\"200\" src=\"https:\/\/apartmani-visnjic.net\/wp-content\/uploads\/2015\/04\/apartments-vodice-visnjic-apartment2-dining-room-kitchen-300x200.jpg\" class=\"attachment-medium size-medium\" alt=\"\" decoding=\"async\" srcset=\"https:\/\/apartmani-visnjic.net\/wp-content\/uploads\/2015\/04\/apartments-vodice-visnjic-apartment2-dining-room-kitchen-300x200.jpg 300w, https:\/\/apartmani-visnjic.net\/wp-content\/uploads\/2015\/04\/apartments-vodice-visnjic-apartment2-dining-room-kitchen-250x167.jpg 250w, https:\/\/apartmani-visnjic.net\/wp-content\/uploads\/2015\/04\/apartments-vodice-visnjic-apartment2-dining-room-kitchen-550x367.jpg 550w, https:\/\/apartmani-visnjic.net\/wp-content\/uploads\/2015\/04\/apartments-vodice-visnjic-apartment2-dining-room-kitchen-800x534.jpg 800w, https:\/\/apartmani-visnjic.net\/wp-content\/uploads\/2015\/04\/apartments-vodice-visnjic-apartment2-dining-room-kitchen-269x180.jpg 269w, https:\/\/apartmani-visnjic.net\/wp-content\/uploads\/2015\/04\/apartments-vodice-visnjic-apartment2-dining-room-kitchen-449x300.jpg 449w, https:\/\/apartmani-visnjic.net\/wp-content\/uploads\/2015\/04\/apartments-vodice-visnjic-apartment2-dining-room-kitchen-749x500.jpg 749w, https:\/\/apartmani-visnjic.net\/wp-content\/uploads\/2015\/04\/apartments-vodice-visnjic-apartment2-dining-room-kitchen.jpg 1000w\" sizes=\"(max-width: 300px) 100vw, 300px\" \/><\/a>\n\t\t\t\t<\/div>\n<\/div>\n<div class='gallery-item gallery-item-position-6 gallery-item-attachment-1284'>\n<div class='gallery-icon landscape'>\n\t\t\t\t\t<a href='https:\/\/apartmani-visnjic.net\/wp-content\/uploads\/2015\/04\/apartmani-visnjic-vodice-terasa-garden.jpg' title='apartmani-visnjic-vodice-terasa-garden' target='_self'><img width=\"300\" height=\"200\" src=\"https:\/\/apartmani-visnjic.net\/wp-content\/uploads\/2015\/04\/apartmani-visnjic-vodice-terasa-garden-300x200.jpg\" class=\"attachment-medium size-medium\" alt=\"\" decoding=\"async\" srcset=\"https:\/\/apartmani-visnjic.net\/wp-content\/uploads\/2015\/04\/apartmani-visnjic-vodice-terasa-garden-300x200.jpg 300w, https:\/\/apartmani-visnjic.net\/wp-content\/uploads\/2015\/04\/apartmani-visnjic-vodice-terasa-garden-250x167.jpg 250w, https:\/\/apartmani-visnjic.net\/wp-content\/uploads\/2015\/04\/apartmani-visnjic-vodice-terasa-garden-550x367.jpg 550w, https:\/\/apartmani-visnjic.net\/wp-content\/uploads\/2015\/04\/apartmani-visnjic-vodice-terasa-garden-800x534.jpg 800w, https:\/\/apartmani-visnjic.net\/wp-content\/uploads\/2015\/04\/apartmani-visnjic-vodice-terasa-garden-269x180.jpg 269w, https:\/\/apartmani-visnjic.net\/wp-content\/uploads\/2015\/04\/apartmani-visnjic-vodice-terasa-garden-449x300.jpg 449w, https:\/\/apartmani-visnjic.net\/wp-content\/uploads\/2015\/04\/apartmani-visnjic-vodice-terasa-garden-749x500.jpg 749w, https:\/\/apartmani-visnjic.net\/wp-content\/uploads\/2015\/04\/apartmani-visnjic-vodice-terasa-garden.jpg 1000w\" sizes=\"(max-width: 300px) 100vw, 300px\" \/><\/a>\n\t\t\t\t<\/div>\n<\/div>\n<div class='gallery-item gallery-item-position-7 gallery-item-attachment-1262'>\n<div class='gallery-icon landscape'>\n\t\t\t\t\t<a href='https:\/\/apartmani-visnjic.net\/wp-content\/uploads\/2015\/04\/apartments-vodice-visnjic-apartment1-balcony.jpg' title='apartments-vodice-visnjic-apartment1-balcony' target='_self'><img width=\"300\" height=\"200\" src=\"https:\/\/apartmani-visnjic.net\/wp-content\/uploads\/2015\/04\/apartments-vodice-visnjic-apartment1-balcony-300x200.jpg\" class=\"attachment-medium size-medium\" alt=\"\" decoding=\"async\" srcset=\"https:\/\/apartmani-visnjic.net\/wp-content\/uploads\/2015\/04\/apartments-vodice-visnjic-apartment1-balcony-300x200.jpg 300w, https:\/\/apartmani-visnjic.net\/wp-content\/uploads\/2015\/04\/apartments-vodice-visnjic-apartment1-balcony-1024x684.jpg 1024w, https:\/\/apartmani-visnjic.net\/wp-content\/uploads\/2015\/04\/apartments-vodice-visnjic-apartment1-balcony-250x167.jpg 250w, https:\/\/apartmani-visnjic.net\/wp-content\/uploads\/2015\/04\/apartments-vodice-visnjic-apartment1-balcony-550x367.jpg 550w, https:\/\/apartmani-visnjic.net\/wp-content\/uploads\/2015\/04\/apartments-vodice-visnjic-apartment1-balcony-800x534.jpg 800w, https:\/\/apartmani-visnjic.net\/wp-content\/uploads\/2015\/04\/apartments-vodice-visnjic-apartment1-balcony-270x180.jpg 270w, https:\/\/apartmani-visnjic.net\/wp-content\/uploads\/2015\/04\/apartments-vodice-visnjic-apartment1-balcony-449x300.jpg 449w, https:\/\/apartmani-visnjic.net\/wp-content\/uploads\/2015\/04\/apartments-vodice-visnjic-apartment1-balcony-749x500.jpg 749w, https:\/\/apartmani-visnjic.net\/wp-content\/uploads\/2015\/04\/apartments-vodice-visnjic-apartment1-balcony.jpg 1150w\" sizes=\"(max-width: 300px) 100vw, 300px\" \/><\/a>\n\t\t\t\t<\/div>\n<\/div>\n<\/div>\n<\/div>\n<\/div><br class=\"clear\" \/>","protected":false},"excerpt":{"rendered":"","protected":false},"author":1,"featured_media":0,"parent":0,"menu_order":0,"comment_status":"closed","ping_status":"closed","template":"template_contact_googlemap.php","meta":[],"yoast_head":"<!-- This site is optimized with the Yoast SEO plugin v20.3 - https:\/\/yoast.com\/wordpress\/plugins\/seo\/ -->\n<title>Kontakt<\/title>\n<meta name=\"description\" content=\"Ferienwohnungen Vodice - Moderne und komfortable Apartments Vi\u0161nji\u0107 in ruhigen Teil von Vodice, nur 150 Meter vom Strand und wenige Gehminuten vom Stadtzentrum entfernt.\" \/>\n<meta name=\"robots\" content=\"index, follow, max-snippet:-1, max-image-preview:large, max-video-preview:-1\" \/>\n<link rel=\"canonical\" href=\"https:\/\/apartmani-visnjic.net\/de\/kontakt\/\" \/>\n<meta property=\"og:locale\" content=\"de_DE\" \/>\n<meta property=\"og:type\" content=\"article\" \/>\n<meta property=\"og:title\" content=\"Kontakt\" \/>\n<meta property=\"og:description\" content=\"Ferienwohnungen Vodice - Moderne und komfortable Apartments Vi\u0161nji\u0107 in ruhigen Teil von Vodice, nur 150 Meter vom Strand und wenige Gehminuten vom Stadtzentrum entfernt.\" \/>\n<meta property=\"og:url\" content=\"https:\/\/apartmani-visnjic.net\/de\/kontakt\/\" \/>\n<meta property=\"og:site_name\" content=\"Apartments Vodice\" \/>\n<meta property=\"article:modified_time\" content=\"2015-05-09T20:02:52+00:00\" \/>\n<meta property=\"og:image\" content=\"https:\/\/apartmani-visnjic.net\/wp-content\/uploads\/2015\/09\/apartmani-vodice-visnjic-a2-1.jpg\" \/>\n\t<meta property=\"og:image:width\" content=\"1000\" \/>\n\t<meta property=\"og:image:height\" content=\"668\" \/>\n\t<meta property=\"og:image:type\" content=\"image\/jpeg\" \/>\n<meta name=\"twitter:card\" content=\"summary_large_image\" \/>\n<script type=\"application\/ld+json\" class=\"yoast-schema-graph\">{\"@context\":\"https:\/\/schema.org\",\"@graph\":[{\"@type\":\"WebPage\",\"@id\":\"https:\/\/apartmani-visnjic.net\/de\/kontakt\/\",\"url\":\"https:\/\/apartmani-visnjic.net\/de\/kontakt\/\",\"name\":\"Kontakt\",\"isPartOf\":{\"@id\":\"https:\/\/apartmani-visnjic.net\/#website\"},\"datePublished\":\"2015-04-26T08:08:01+00:00\",\"dateModified\":\"2015-05-09T20:02:52+00:00\",\"description\":\"Ferienwohnungen Vodice - Moderne und komfortable Apartments Vi\u0161nji\u0107 in ruhigen Teil von Vodice, nur 150 Meter vom Strand und wenige Gehminuten vom Stadtzentrum entfernt.\",\"breadcrumb\":{\"@id\":\"https:\/\/apartmani-visnjic.net\/de\/kontakt\/#breadcrumb\"},\"inLanguage\":\"de\",\"potentialAction\":[{\"@type\":\"ReadAction\",\"target\":[\"https:\/\/apartmani-visnjic.net\/de\/kontakt\/\"]}]},{\"@type\":\"BreadcrumbList\",\"@id\":\"https:\/\/apartmani-visnjic.net\/de\/kontakt\/#breadcrumb\",\"itemListElement\":[{\"@type\":\"ListItem\",\"position\":1,\"name\":\"Home\",\"item\":\"https:\/\/apartmani-visnjic.net\/de\/\"},{\"@type\":\"ListItem\",\"position\":2,\"name\":\"Kontakt\"}]},{\"@type\":\"WebSite\",\"@id\":\"https:\/\/apartmani-visnjic.net\/#website\",\"url\":\"https:\/\/apartmani-visnjic.net\/\",\"name\":\"Apartments Vodice\",\"description\":\"Private accommodation Vi\u0161nji\u0107 - Vodice, Croatia\",\"publisher\":{\"@id\":\"https:\/\/apartmani-visnjic.net\/#organization\"},\"potentialAction\":[{\"@type\":\"SearchAction\",\"target\":{\"@type\":\"EntryPoint\",\"urlTemplate\":\"https:\/\/apartmani-visnjic.net\/?s={search_term_string}\"},\"query-input\":\"required name=search_term_string\"}],\"inLanguage\":\"de\"},{\"@type\":\"Organization\",\"@id\":\"https:\/\/apartmani-visnjic.net\/#organization\",\"name\":\"Apartments Vi\u0161nji\u0107 - Vodice\",\"url\":\"https:\/\/apartmani-visnjic.net\/\",\"logo\":{\"@type\":\"ImageObject\",\"inLanguage\":\"de\",\"@id\":\"https:\/\/apartmani-visnjic.net\/#\/schema\/logo\/image\/\",\"url\":\"https:\/\/apartmani-visnjic.net\/wp-content\/uploads\/2016\/01\/logo.png\",\"contentUrl\":\"https:\/\/apartmani-visnjic.net\/wp-content\/uploads\/2016\/01\/logo.png\",\"width\":670,\"height\":250,\"caption\":\"Apartments Vi\u0161nji\u0107 - Vodice\"},\"image\":{\"@id\":\"https:\/\/apartmani-visnjic.net\/#\/schema\/logo\/image\/\"}}]}<\/script>\n<!-- \/ Yoast SEO plugin. -->","yoast_head_json":{"title":"Kontakt","description":"Ferienwohnungen Vodice - Moderne und komfortable Apartments Vi\u0161nji\u0107 in ruhigen Teil von Vodice, nur 150 Meter vom Strand und wenige Gehminuten vom Stadtzentrum entfernt.","robots":{"index":"index","follow":"follow","max-snippet":"max-snippet:-1","max-image-preview":"max-image-preview:large","max-video-preview":"max-video-preview:-1"},"canonical":"https:\/\/apartmani-visnjic.net\/de\/kontakt\/","og_locale":"de_DE","og_type":"article","og_title":"Kontakt","og_description":"Ferienwohnungen Vodice - Moderne und komfortable Apartments Vi\u0161nji\u0107 in ruhigen Teil von Vodice, nur 150 Meter vom Strand und wenige Gehminuten vom Stadtzentrum entfernt.","og_url":"https:\/\/apartmani-visnjic.net\/de\/kontakt\/","og_site_name":"Apartments Vodice","article_modified_time":"2015-05-09T20:02:52+00:00","og_image":[{"width":1000,"height":668,"url":"https:\/\/apartmani-visnjic.net\/wp-content\/uploads\/2015\/09\/apartmani-vodice-visnjic-a2-1.jpg","type":"image\/jpeg"}],"twitter_card":"summary_large_image","schema":{"@context":"https:\/\/schema.org","@graph":[{"@type":"WebPage","@id":"https:\/\/apartmani-visnjic.net\/de\/kontakt\/","url":"https:\/\/apartmani-visnjic.net\/de\/kontakt\/","name":"Kontakt","isPartOf":{"@id":"https:\/\/apartmani-visnjic.net\/#website"},"datePublished":"2015-04-26T08:08:01+00:00","dateModified":"2015-05-09T20:02:52+00:00","description":"Ferienwohnungen Vodice - Moderne und komfortable Apartments Vi\u0161nji\u0107 in ruhigen Teil von Vodice, nur 150 Meter vom Strand und wenige Gehminuten vom Stadtzentrum entfernt.","breadcrumb":{"@id":"https:\/\/apartmani-visnjic.net\/de\/kontakt\/#breadcrumb"},"inLanguage":"de","potentialAction":[{"@type":"ReadAction","target":["https:\/\/apartmani-visnjic.net\/de\/kontakt\/"]}]},{"@type":"BreadcrumbList","@id":"https:\/\/apartmani-visnjic.net\/de\/kontakt\/#breadcrumb","itemListElement":[{"@type":"ListItem","position":1,"name":"Home","item":"https:\/\/apartmani-visnjic.net\/de\/"},{"@type":"ListItem","position":2,"name":"Kontakt"}]},{"@type":"WebSite","@id":"https:\/\/apartmani-visnjic.net\/#website","url":"https:\/\/apartmani-visnjic.net\/","name":"Apartments Vodice","description":"Private accommodation Vi\u0161nji\u0107 - Vodice, Croatia","publisher":{"@id":"https:\/\/apartmani-visnjic.net\/#organization"},"potentialAction":[{"@type":"SearchAction","target":{"@type":"EntryPoint","urlTemplate":"https:\/\/apartmani-visnjic.net\/?s={search_term_string}"},"query-input":"required name=search_term_string"}],"inLanguage":"de"},{"@type":"Organization","@id":"https:\/\/apartmani-visnjic.net\/#organization","name":"Apartments Vi\u0161nji\u0107 - Vodice","url":"https:\/\/apartmani-visnjic.net\/","logo":{"@type":"ImageObject","inLanguage":"de","@id":"https:\/\/apartmani-visnjic.net\/#\/schema\/logo\/image\/","url":"https:\/\/apartmani-visnjic.net\/wp-content\/uploads\/2016\/01\/logo.png","contentUrl":"https:\/\/apartmani-visnjic.net\/wp-content\/uploads\/2016\/01\/logo.png","width":670,"height":250,"caption":"Apartments Vi\u0161nji\u0107 - Vodice"},"image":{"@id":"https:\/\/apartmani-visnjic.net\/#\/schema\/logo\/image\/"}}]}},"_links":{"self":[{"href":"https:\/\/apartmani-visnjic.net\/de\/wp-json\/wp\/v2\/pages\/659"}],"collection":[{"href":"https:\/\/apartmani-visnjic.net\/de\/wp-json\/wp\/v2\/pages"}],"about":[{"href":"https:\/\/apartmani-visnjic.net\/de\/wp-json\/wp\/v2\/types\/page"}],"author":[{"embeddable":true,"href":"https:\/\/apartmani-visnjic.net\/de\/wp-json\/wp\/v2\/users\/1"}],"replies":[{"embeddable":true,"href":"https:\/\/apartmani-visnjic.net\/de\/wp-json\/wp\/v2\/comments?post=659"}],"version-history":[{"count":0,"href":"https:\/\/apartmani-visnjic.net\/de\/wp-json\/wp\/v2\/pages\/659\/revisions"}],"wp:attachment":[{"href":"https:\/\/apartmani-visnjic.net\/de\/wp-json\/wp\/v2\/media?parent=659"}],"curies":[{"name":"wp","href":"https:\/\/api.w.org\/{rel}","templated":true}]}}