{"id":640,"date":"2015-04-26T10:04:29","date_gmt":"2015-04-26T08:04:29","guid":{"rendered":"https:\/\/apartmani-visnjic.net\/vodice-2\/"},"modified":"2015-11-16T11:23:36","modified_gmt":"2015-11-16T09:23:36","slug":"vodice","status":"publish","type":"page","link":"https:\/\/apartmani-visnjic.net\/hr\/vodice\/","title":{"rendered":"Vodice"},"content":{"rendered":"<p>Vodice su smje\u0161tene uz samu obalu, u \u0161irokom zaljevu. Beskrajne \u0161ljun\u010dane i stjenovite pla\u017ee, duga \u0161etnica uz more, bogati sportsko-rekreativni programi, kao i sve vrste sportova na vodi, zadovoljit \u0107e ukus svakog posjetitelja. U blizini Vodica nalaze se dva Nacionalna Parka: Krka i Kornati.<\/p>\n<p>Vodice obiluju turisti\u010dkom ponudom u staroj jezgri i u novim predjelima. Na trgovima i ljetnim pozornicama nastupaju dalmatinske klape, folklorni ansambli, estradni umjetnici i razne umjetni\u010dke kazali\u0161ne skupine. \u017divot u Vodicama nikad ne prestaje.<\/p>\n<p>&nbsp;<\/p>\n<div class=\"wc-gallery\">\n<div id='gallery-1' data-gutter-width='10' data-columns='4' class='gallery wc-gallery-captions-hide gallery-link-file gallery-masonry galleryid-640 gallery-columns-4 gallery-size-medium wc-gallery-bottomspace-ten wc-gallery-clear'>\n<div class='gallery-item gallery-item-position-1 gallery-item-attachment-1357'>\n<div class='gallery-icon landscape'>\n\t\t\t\t\t<a href='https:\/\/apartmani-visnjic.net\/wp-content\/uploads\/2015\/05\/vodice_2.jpg' title='Vodice panorama' target='_self'><img width=\"300\" height=\"157\" src=\"https:\/\/apartmani-visnjic.net\/wp-content\/uploads\/2015\/05\/vodice_2-300x157.jpg\" class=\"attachment-medium size-medium\" alt=\"\" decoding=\"async\" srcset=\"https:\/\/apartmani-visnjic.net\/wp-content\/uploads\/2015\/05\/vodice_2-300x157.jpg 300w, https:\/\/apartmani-visnjic.net\/wp-content\/uploads\/2015\/05\/vodice_2-250x131.jpg 250w, https:\/\/apartmani-visnjic.net\/wp-content\/uploads\/2015\/05\/vodice_2-550x287.jpg 550w, https:\/\/apartmani-visnjic.net\/wp-content\/uploads\/2015\/05\/vodice_2-800x418.jpg 800w, https:\/\/apartmani-visnjic.net\/wp-content\/uploads\/2015\/05\/vodice_2-345x180.jpg 345w, https:\/\/apartmani-visnjic.net\/wp-content\/uploads\/2015\/05\/vodice_2-575x300.jpg 575w, https:\/\/apartmani-visnjic.net\/wp-content\/uploads\/2015\/05\/vodice_2.jpg 812w\" sizes=\"(max-width: 300px) 100vw, 300px\" \/><\/a>\n\t\t\t\t<\/div>\n<\/div>\n<div class='gallery-item gallery-item-position-2 gallery-item-attachment-1355'>\n<div class='gallery-icon landscape'>\n\t\t\t\t\t<a href='https:\/\/apartmani-visnjic.net\/wp-content\/uploads\/2015\/05\/vodice_01.jpg' title='Vodice panorama' target='_self'><img width=\"300\" height=\"157\" src=\"https:\/\/apartmani-visnjic.net\/wp-content\/uploads\/2015\/05\/vodice_01-300x157.jpg\" class=\"attachment-medium size-medium\" alt=\"\" decoding=\"async\" srcset=\"https:\/\/apartmani-visnjic.net\/wp-content\/uploads\/2015\/05\/vodice_01-300x157.jpg 300w, https:\/\/apartmani-visnjic.net\/wp-content\/uploads\/2015\/05\/vodice_01-250x131.jpg 250w, https:\/\/apartmani-visnjic.net\/wp-content\/uploads\/2015\/05\/vodice_01-550x287.jpg 550w, https:\/\/apartmani-visnjic.net\/wp-content\/uploads\/2015\/05\/vodice_01-800x418.jpg 800w, https:\/\/apartmani-visnjic.net\/wp-content\/uploads\/2015\/05\/vodice_01-345x180.jpg 345w, https:\/\/apartmani-visnjic.net\/wp-content\/uploads\/2015\/05\/vodice_01-574x300.jpg 574w, https:\/\/apartmani-visnjic.net\/wp-content\/uploads\/2015\/05\/vodice_01.jpg 900w\" sizes=\"(max-width: 300px) 100vw, 300px\" \/><\/a>\n\t\t\t\t<\/div>\n<\/div>\n<div class='gallery-item gallery-item-position-3 gallery-item-attachment-1359'>\n<div class='gallery-icon landscape'>\n\t\t\t\t\t<a href='https:\/\/apartmani-visnjic.net\/wp-content\/uploads\/2015\/05\/vodice_10.jpg' title='Vodice beach' target='_self'><img width=\"300\" height=\"156\" src=\"https:\/\/apartmani-visnjic.net\/wp-content\/uploads\/2015\/05\/vodice_10-300x156.jpg\" class=\"attachment-medium size-medium\" alt=\"\" decoding=\"async\" srcset=\"https:\/\/apartmani-visnjic.net\/wp-content\/uploads\/2015\/05\/vodice_10-300x156.jpg 300w, https:\/\/apartmani-visnjic.net\/wp-content\/uploads\/2015\/05\/vodice_10.jpg 1024w, https:\/\/apartmani-visnjic.net\/wp-content\/uploads\/2015\/05\/vodice_10-250x130.jpg 250w, https:\/\/apartmani-visnjic.net\/wp-content\/uploads\/2015\/05\/vodice_10-550x287.jpg 550w, https:\/\/apartmani-visnjic.net\/wp-content\/uploads\/2015\/05\/vodice_10-800x417.jpg 800w, https:\/\/apartmani-visnjic.net\/wp-content\/uploads\/2015\/05\/vodice_10-345x180.jpg 345w, https:\/\/apartmani-visnjic.net\/wp-content\/uploads\/2015\/05\/vodice_10-575x300.jpg 575w, https:\/\/apartmani-visnjic.net\/wp-content\/uploads\/2015\/05\/vodice_10-959x500.jpg 959w\" sizes=\"(max-width: 300px) 100vw, 300px\" \/><\/a>\n\t\t\t\t<\/div>\n<\/div>\n<div class='gallery-item gallery-item-position-4 gallery-item-attachment-1367'>\n<div class='gallery-icon landscape'>\n\t\t\t\t\t<a href='https:\/\/apartmani-visnjic.net\/wp-content\/uploads\/2015\/05\/vodice-07.jpg' title='Vodice sunset' target='_self'><img width=\"300\" height=\"157\" src=\"https:\/\/apartmani-visnjic.net\/wp-content\/uploads\/2015\/05\/vodice-07-300x157.jpg\" class=\"attachment-medium size-medium\" alt=\"\" decoding=\"async\" srcset=\"https:\/\/apartmani-visnjic.net\/wp-content\/uploads\/2015\/05\/vodice-07-300x157.jpg 300w, https:\/\/apartmani-visnjic.net\/wp-content\/uploads\/2015\/05\/vodice-07-1024x535.jpg 1024w, https:\/\/apartmani-visnjic.net\/wp-content\/uploads\/2015\/05\/vodice-07-250x131.jpg 250w, https:\/\/apartmani-visnjic.net\/wp-content\/uploads\/2015\/05\/vodice-07-550x287.jpg 550w, https:\/\/apartmani-visnjic.net\/wp-content\/uploads\/2015\/05\/vodice-07-800x418.jpg 800w, https:\/\/apartmani-visnjic.net\/wp-content\/uploads\/2015\/05\/vodice-07-344x180.jpg 344w, https:\/\/apartmani-visnjic.net\/wp-content\/uploads\/2015\/05\/vodice-07-574x300.jpg 574w, https:\/\/apartmani-visnjic.net\/wp-content\/uploads\/2015\/05\/vodice-07-957x500.jpg 957w, https:\/\/apartmani-visnjic.net\/wp-content\/uploads\/2015\/05\/vodice-07.jpg 1200w\" sizes=\"(max-width: 300px) 100vw, 300px\" \/><\/a>\n\t\t\t\t<\/div>\n<\/div>\n<div class='gallery-item gallery-item-position-5 gallery-item-attachment-1369'>\n<div class='gallery-icon landscape'>\n\t\t\t\t\t<a href='https:\/\/apartmani-visnjic.net\/wp-content\/uploads\/2015\/05\/vodicka_glazba.jpg' title='Vodi\u010dka galzba' target='_self'><img width=\"300\" height=\"157\" src=\"https:\/\/apartmani-visnjic.net\/wp-content\/uploads\/2015\/05\/vodicka_glazba-300x157.jpg\" class=\"attachment-medium size-medium\" alt=\"\" decoding=\"async\" srcset=\"https:\/\/apartmani-visnjic.net\/wp-content\/uploads\/2015\/05\/vodicka_glazba-300x157.jpg 300w, https:\/\/apartmani-visnjic.net\/wp-content\/uploads\/2015\/05\/vodicka_glazba-1024x534.jpg 1024w, https:\/\/apartmani-visnjic.net\/wp-content\/uploads\/2015\/05\/vodicka_glazba-250x130.jpg 250w, https:\/\/apartmani-visnjic.net\/wp-content\/uploads\/2015\/05\/vodicka_glazba-550x287.jpg 550w, https:\/\/apartmani-visnjic.net\/wp-content\/uploads\/2015\/05\/vodicka_glazba-800x417.jpg 800w, https:\/\/apartmani-visnjic.net\/wp-content\/uploads\/2015\/05\/vodicka_glazba-345x180.jpg 345w, https:\/\/apartmani-visnjic.net\/wp-content\/uploads\/2015\/05\/vodicka_glazba-575x300.jpg 575w, https:\/\/apartmani-visnjic.net\/wp-content\/uploads\/2015\/05\/vodicka_glazba-958x500.jpg 958w, https:\/\/apartmani-visnjic.net\/wp-content\/uploads\/2015\/05\/vodicka_glazba.jpg 1200w\" sizes=\"(max-width: 300px) 100vw, 300px\" \/><\/a>\n\t\t\t\t<\/div>\n<\/div>\n<div class='gallery-item gallery-item-position-6 gallery-item-attachment-1365'>\n<div class='gallery-icon landscape'>\n\t\t\t\t\t<a href='https:\/\/apartmani-visnjic.net\/wp-content\/uploads\/2015\/05\/vodice-1.jpg' title='Vodice night' target='_self'><img width=\"300\" height=\"156\" src=\"https:\/\/apartmani-visnjic.net\/wp-content\/uploads\/2015\/05\/vodice-1-300x156.jpg\" class=\"attachment-medium size-medium\" alt=\"\" decoding=\"async\" srcset=\"https:\/\/apartmani-visnjic.net\/wp-content\/uploads\/2015\/05\/vodice-1-300x156.jpg 300w, https:\/\/apartmani-visnjic.net\/wp-content\/uploads\/2015\/05\/vodice-1-250x130.jpg 250w, https:\/\/apartmani-visnjic.net\/wp-content\/uploads\/2015\/05\/vodice-1-550x287.jpg 550w, https:\/\/apartmani-visnjic.net\/wp-content\/uploads\/2015\/05\/vodice-1-800x417.jpg 800w, https:\/\/apartmani-visnjic.net\/wp-content\/uploads\/2015\/05\/vodice-1-345x180.jpg 345w, https:\/\/apartmani-visnjic.net\/wp-content\/uploads\/2015\/05\/vodice-1-576x300.jpg 576w, https:\/\/apartmani-visnjic.net\/wp-content\/uploads\/2015\/05\/vodice-1-960x500.jpg 960w, https:\/\/apartmani-visnjic.net\/wp-content\/uploads\/2015\/05\/vodice-1.jpg 1000w\" sizes=\"(max-width: 300px) 100vw, 300px\" \/><\/a>\n\t\t\t\t<\/div>\n<\/div>\n<div class='gallery-item gallery-item-position-7 gallery-item-attachment-1361'>\n<div class='gallery-icon landscape'>\n\t\t\t\t\t<a href='https:\/\/apartmani-visnjic.net\/wp-content\/uploads\/2015\/05\/vodice_klapa.jpg' title='Vodi\u010dka klapa' target='_self'><img width=\"300\" height=\"157\" src=\"https:\/\/apartmani-visnjic.net\/wp-content\/uploads\/2015\/05\/vodice_klapa-300x157.jpg\" class=\"attachment-medium size-medium\" alt=\"\" decoding=\"async\" srcset=\"https:\/\/apartmani-visnjic.net\/wp-content\/uploads\/2015\/05\/vodice_klapa-300x157.jpg 300w, https:\/\/apartmani-visnjic.net\/wp-content\/uploads\/2015\/05\/vodice_klapa-1024x534.jpg 1024w, https:\/\/apartmani-visnjic.net\/wp-content\/uploads\/2015\/05\/vodice_klapa-250x130.jpg 250w, https:\/\/apartmani-visnjic.net\/wp-content\/uploads\/2015\/05\/vodice_klapa-550x287.jpg 550w, https:\/\/apartmani-visnjic.net\/wp-content\/uploads\/2015\/05\/vodice_klapa-800x417.jpg 800w, https:\/\/apartmani-visnjic.net\/wp-content\/uploads\/2015\/05\/vodice_klapa-345x180.jpg 345w, https:\/\/apartmani-visnjic.net\/wp-content\/uploads\/2015\/05\/vodice_klapa-575x300.jpg 575w, https:\/\/apartmani-visnjic.net\/wp-content\/uploads\/2015\/05\/vodice_klapa-958x500.jpg 958w, https:\/\/apartmani-visnjic.net\/wp-content\/uploads\/2015\/05\/vodice_klapa.jpg 1200w\" sizes=\"(max-width: 300px) 100vw, 300px\" \/><\/a>\n\t\t\t\t<\/div>\n<\/div>\n<div class='gallery-item gallery-item-position-8 gallery-item-attachment-1373'>\n<div class='gallery-icon landscape'>\n\t\t\t\t\t<a href='https:\/\/apartmani-visnjic.net\/wp-content\/uploads\/2015\/05\/apartmani-vodice-scuba-diving.jpg' title='Vodice scuba diving' target='_self'><img width=\"300\" height=\"157\" src=\"https:\/\/apartmani-visnjic.net\/wp-content\/uploads\/2015\/05\/apartmani-vodice-scuba-diving-300x157.jpg\" class=\"attachment-medium size-medium\" alt=\"\" decoding=\"async\" srcset=\"https:\/\/apartmani-visnjic.net\/wp-content\/uploads\/2015\/05\/apartmani-vodice-scuba-diving-300x157.jpg 300w, https:\/\/apartmani-visnjic.net\/wp-content\/uploads\/2015\/05\/apartmani-vodice-scuba-diving-1024x534.jpg 1024w, https:\/\/apartmani-visnjic.net\/wp-content\/uploads\/2015\/05\/apartmani-vodice-scuba-diving-250x130.jpg 250w, https:\/\/apartmani-visnjic.net\/wp-content\/uploads\/2015\/05\/apartmani-vodice-scuba-diving-550x287.jpg 550w, https:\/\/apartmani-visnjic.net\/wp-content\/uploads\/2015\/05\/apartmani-vodice-scuba-diving-800x417.jpg 800w, https:\/\/apartmani-visnjic.net\/wp-content\/uploads\/2015\/05\/apartmani-vodice-scuba-diving-345x180.jpg 345w, https:\/\/apartmani-visnjic.net\/wp-content\/uploads\/2015\/05\/apartmani-vodice-scuba-diving-575x300.jpg 575w, https:\/\/apartmani-visnjic.net\/wp-content\/uploads\/2015\/05\/apartmani-vodice-scuba-diving-958x500.jpg 958w, https:\/\/apartmani-visnjic.net\/wp-content\/uploads\/2015\/05\/apartmani-vodice-scuba-diving.jpg 1200w\" sizes=\"(max-width: 300px) 100vw, 300px\" \/><\/a>\n\t\t\t\t<\/div>\n<\/div>\n<div class='gallery-item gallery-item-position-9 gallery-item-attachment-1347'>\n<div class='gallery-icon landscape'>\n\t\t\t\t\t<a href='https:\/\/apartmani-visnjic.net\/wp-content\/uploads\/2015\/05\/Dolphin_at_Kornati.jpg' title='Dolphin at Kornati' target='_self'><img width=\"300\" height=\"157\" src=\"https:\/\/apartmani-visnjic.net\/wp-content\/uploads\/2015\/05\/Dolphin_at_Kornati-300x157.jpg\" class=\"attachment-medium size-medium\" alt=\"\" decoding=\"async\" srcset=\"https:\/\/apartmani-visnjic.net\/wp-content\/uploads\/2015\/05\/Dolphin_at_Kornati-300x157.jpg 300w, https:\/\/apartmani-visnjic.net\/wp-content\/uploads\/2015\/05\/Dolphin_at_Kornati-1024x534.jpg 1024w, https:\/\/apartmani-visnjic.net\/wp-content\/uploads\/2015\/05\/Dolphin_at_Kornati-250x130.jpg 250w, https:\/\/apartmani-visnjic.net\/wp-content\/uploads\/2015\/05\/Dolphin_at_Kornati-550x287.jpg 550w, https:\/\/apartmani-visnjic.net\/wp-content\/uploads\/2015\/05\/Dolphin_at_Kornati-800x417.jpg 800w, https:\/\/apartmani-visnjic.net\/wp-content\/uploads\/2015\/05\/Dolphin_at_Kornati-345x180.jpg 345w, https:\/\/apartmani-visnjic.net\/wp-content\/uploads\/2015\/05\/Dolphin_at_Kornati-575x300.jpg 575w, https:\/\/apartmani-visnjic.net\/wp-content\/uploads\/2015\/05\/Dolphin_at_Kornati-958x500.jpg 958w, https:\/\/apartmani-visnjic.net\/wp-content\/uploads\/2015\/05\/Dolphin_at_Kornati.jpg 1200w\" sizes=\"(max-width: 300px) 100vw, 300px\" \/><\/a>\n\t\t\t\t<\/div>\n<\/div>\n<div class='gallery-item gallery-item-position-10 gallery-item-attachment-1351'>\n<div class='gallery-icon landscape'>\n\t\t\t\t\t<a href='https:\/\/apartmani-visnjic.net\/wp-content\/uploads\/2015\/05\/Kornati06.jpg' title='Kornati' target='_self'><img width=\"300\" height=\"157\" src=\"https:\/\/apartmani-visnjic.net\/wp-content\/uploads\/2015\/05\/Kornati06-300x157.jpg\" class=\"attachment-medium size-medium\" alt=\"\" decoding=\"async\" srcset=\"https:\/\/apartmani-visnjic.net\/wp-content\/uploads\/2015\/05\/Kornati06-300x157.jpg 300w, https:\/\/apartmani-visnjic.net\/wp-content\/uploads\/2015\/05\/Kornati06-1024x535.jpg 1024w, https:\/\/apartmani-visnjic.net\/wp-content\/uploads\/2015\/05\/Kornati06-250x131.jpg 250w, https:\/\/apartmani-visnjic.net\/wp-content\/uploads\/2015\/05\/Kornati06-550x287.jpg 550w, https:\/\/apartmani-visnjic.net\/wp-content\/uploads\/2015\/05\/Kornati06-800x418.jpg 800w, https:\/\/apartmani-visnjic.net\/wp-content\/uploads\/2015\/05\/Kornati06-344x180.jpg 344w, https:\/\/apartmani-visnjic.net\/wp-content\/uploads\/2015\/05\/Kornati06-574x300.jpg 574w, https:\/\/apartmani-visnjic.net\/wp-content\/uploads\/2015\/05\/Kornati06-957x500.jpg 957w, https:\/\/apartmani-visnjic.net\/wp-content\/uploads\/2015\/05\/Kornati06.jpg 1200w\" sizes=\"(max-width: 300px) 100vw, 300px\" \/><\/a>\n\t\t\t\t<\/div>\n<\/div>\n<div class='gallery-item gallery-item-position-11 gallery-item-attachment-1353'>\n<div class='gallery-icon landscape'>\n\t\t\t\t\t<a href='https:\/\/apartmani-visnjic.net\/wp-content\/uploads\/2015\/05\/Krka_waterfalls.jpg' title='Krka waterfalls' target='_self'><img width=\"300\" height=\"157\" src=\"https:\/\/apartmani-visnjic.net\/wp-content\/uploads\/2015\/05\/Krka_waterfalls-300x157.jpg\" class=\"attachment-medium size-medium\" alt=\"\" decoding=\"async\" srcset=\"https:\/\/apartmani-visnjic.net\/wp-content\/uploads\/2015\/05\/Krka_waterfalls-300x157.jpg 300w, https:\/\/apartmani-visnjic.net\/wp-content\/uploads\/2015\/05\/Krka_waterfalls-1024x534.jpg 1024w, https:\/\/apartmani-visnjic.net\/wp-content\/uploads\/2015\/05\/Krka_waterfalls-250x130.jpg 250w, https:\/\/apartmani-visnjic.net\/wp-content\/uploads\/2015\/05\/Krka_waterfalls-550x287.jpg 550w, https:\/\/apartmani-visnjic.net\/wp-content\/uploads\/2015\/05\/Krka_waterfalls-800x417.jpg 800w, https:\/\/apartmani-visnjic.net\/wp-content\/uploads\/2015\/05\/Krka_waterfalls-345x180.jpg 345w, https:\/\/apartmani-visnjic.net\/wp-content\/uploads\/2015\/05\/Krka_waterfalls-575x300.jpg 575w, https:\/\/apartmani-visnjic.net\/wp-content\/uploads\/2015\/05\/Krka_waterfalls-958x500.jpg 958w, https:\/\/apartmani-visnjic.net\/wp-content\/uploads\/2015\/05\/Krka_waterfalls.jpg 1200w\" sizes=\"(max-width: 300px) 100vw, 300px\" \/><\/a>\n\t\t\t\t<\/div>\n<\/div>\n<div class='gallery-item gallery-item-position-12 gallery-item-attachment-1349'>\n<div class='gallery-icon landscape'>\n\t\t\t\t\t<a href='https:\/\/apartmani-visnjic.net\/wp-content\/uploads\/2015\/05\/katedrala_sibenik.jpg' title='Cathedral \u0160ibenik' target='_self'><img width=\"300\" height=\"156\" src=\"https:\/\/apartmani-visnjic.net\/wp-content\/uploads\/2015\/05\/katedrala_sibenik-300x156.jpg\" class=\"attachment-medium size-medium\" alt=\"\" decoding=\"async\" srcset=\"https:\/\/apartmani-visnjic.net\/wp-content\/uploads\/2015\/05\/katedrala_sibenik-300x156.jpg 300w, https:\/\/apartmani-visnjic.net\/wp-content\/uploads\/2015\/05\/katedrala_sibenik.jpg 1024w, https:\/\/apartmani-visnjic.net\/wp-content\/uploads\/2015\/05\/katedrala_sibenik-250x130.jpg 250w, https:\/\/apartmani-visnjic.net\/wp-content\/uploads\/2015\/05\/katedrala_sibenik-550x287.jpg 550w, https:\/\/apartmani-visnjic.net\/wp-content\/uploads\/2015\/05\/katedrala_sibenik-800x417.jpg 800w, https:\/\/apartmani-visnjic.net\/wp-content\/uploads\/2015\/05\/katedrala_sibenik-345x180.jpg 345w, https:\/\/apartmani-visnjic.net\/wp-content\/uploads\/2015\/05\/katedrala_sibenik-575x300.jpg 575w, https:\/\/apartmani-visnjic.net\/wp-content\/uploads\/2015\/05\/katedrala_sibenik-959x500.jpg 959w\" sizes=\"(max-width: 300px) 100vw, 300px\" \/><\/a>\n\t\t\t\t<\/div>\n<\/div>\n<\/div>\n<\/div>\n","protected":false},"excerpt":{"rendered":"<p>Vodice su smje\u0161tene uz samu obalu, u \u0161irokom zaljevu. Beskrajne \u0161ljun\u010dane i stjenovite pla\u017ee, duga \u0161etnica uz more, bogati sportsko-rekreativni programi, kao i sve vrste sportova na vodi, zadovoljit \u0107e ukus svakog posjetitelja. U blizini Vodica nalaze se dva Nacionalna Parka: Krka i Kornati.<br \/>\nVodice obiluju turisti\u010dkom ponudom u staroj jezgri i u novim predjelima. Na trgovima i ljetnim pozornicama nastupaju dalmatinske klape, folklorni ansambli, estradni umjetnici i razne umjetni\u010dke kazali\u0161ne skupine. \u017divot u Vodicama nikad ne prestaje.<br \/>\n&nbsp;<\/p>\n","protected":false},"author":1,"featured_media":0,"parent":0,"menu_order":0,"comment_status":"closed","ping_status":"closed","template":"template-blank-canvas.php","meta":[],"yoast_head":"<!-- This site is optimized with the Yoast SEO plugin v20.3 - https:\/\/yoast.com\/wordpress\/plugins\/seo\/ -->\n<title>Vodice<\/title>\n<meta name=\"description\" content=\"Apartmani Vodice - Moderni i udobni apartmani Vi\u0161nji\u0107 nalaze se u mirnom dijelu Vodica, 150 metara od pla\u017ee i nekoliko minuta hoda od centra mjesta.\" \/>\n<meta name=\"robots\" content=\"index, follow, max-snippet:-1, max-image-preview:large, max-video-preview:-1\" \/>\n<link rel=\"canonical\" href=\"https:\/\/apartmani-visnjic.net\/hr\/vodice\/\" \/>\n<meta property=\"og:locale\" content=\"hr_HR\" \/>\n<meta property=\"og:type\" content=\"article\" \/>\n<meta property=\"og:title\" content=\"Vodice\" \/>\n<meta property=\"og:description\" content=\"Apartmani Vodice - Moderni i udobni apartmani Vi\u0161nji\u0107 nalaze se u mirnom dijelu Vodica, 150 metara od pla\u017ee i nekoliko minuta hoda od centra mjesta.\" \/>\n<meta property=\"og:url\" content=\"https:\/\/apartmani-visnjic.net\/hr\/vodice\/\" \/>\n<meta property=\"og:site_name\" content=\"Apartments Vodice\" \/>\n<meta property=\"article:modified_time\" content=\"2015-11-16T09:23:36+00:00\" \/>\n<meta property=\"og:image\" content=\"https:\/\/apartmani-visnjic.net\/wp-content\/uploads\/2015\/05\/vodice_2-300x157.jpg\" \/>\n<meta name=\"twitter:card\" content=\"summary_large_image\" \/>\n<script type=\"application\/ld+json\" class=\"yoast-schema-graph\">{\"@context\":\"https:\/\/schema.org\",\"@graph\":[{\"@type\":\"WebPage\",\"@id\":\"https:\/\/apartmani-visnjic.net\/hr\/vodice\/\",\"url\":\"https:\/\/apartmani-visnjic.net\/hr\/vodice\/\",\"name\":\"Vodice\",\"isPartOf\":{\"@id\":\"https:\/\/apartmani-visnjic.net\/#website\"},\"datePublished\":\"2015-04-26T08:04:29+00:00\",\"dateModified\":\"2015-11-16T09:23:36+00:00\",\"description\":\"Apartmani Vodice - Moderni i udobni apartmani Vi\u0161nji\u0107 nalaze se u mirnom dijelu Vodica, 150 metara od pla\u017ee i nekoliko minuta hoda od centra mjesta.\",\"breadcrumb\":{\"@id\":\"https:\/\/apartmani-visnjic.net\/hr\/vodice\/#breadcrumb\"},\"inLanguage\":\"hr\",\"potentialAction\":[{\"@type\":\"ReadAction\",\"target\":[\"https:\/\/apartmani-visnjic.net\/hr\/vodice\/\"]}]},{\"@type\":\"BreadcrumbList\",\"@id\":\"https:\/\/apartmani-visnjic.net\/hr\/vodice\/#breadcrumb\",\"itemListElement\":[{\"@type\":\"ListItem\",\"position\":1,\"name\":\"Home\",\"item\":\"https:\/\/apartmani-visnjic.net\/hr\/\"},{\"@type\":\"ListItem\",\"position\":2,\"name\":\"Vodice\"}]},{\"@type\":\"WebSite\",\"@id\":\"https:\/\/apartmani-visnjic.net\/#website\",\"url\":\"https:\/\/apartmani-visnjic.net\/\",\"name\":\"Apartments Vodice\",\"description\":\"Private accommodation Vi\u0161nji\u0107 - Vodice, Croatia\",\"publisher\":{\"@id\":\"https:\/\/apartmani-visnjic.net\/#organization\"},\"potentialAction\":[{\"@type\":\"SearchAction\",\"target\":{\"@type\":\"EntryPoint\",\"urlTemplate\":\"https:\/\/apartmani-visnjic.net\/?s={search_term_string}\"},\"query-input\":\"required name=search_term_string\"}],\"inLanguage\":\"hr\"},{\"@type\":\"Organization\",\"@id\":\"https:\/\/apartmani-visnjic.net\/#organization\",\"name\":\"Apartments Vi\u0161nji\u0107 - Vodice\",\"url\":\"https:\/\/apartmani-visnjic.net\/\",\"logo\":{\"@type\":\"ImageObject\",\"inLanguage\":\"hr\",\"@id\":\"https:\/\/apartmani-visnjic.net\/#\/schema\/logo\/image\/\",\"url\":\"https:\/\/apartmani-visnjic.net\/wp-content\/uploads\/2016\/01\/logo.png\",\"contentUrl\":\"https:\/\/apartmani-visnjic.net\/wp-content\/uploads\/2016\/01\/logo.png\",\"width\":670,\"height\":250,\"caption\":\"Apartments Vi\u0161nji\u0107 - Vodice\"},\"image\":{\"@id\":\"https:\/\/apartmani-visnjic.net\/#\/schema\/logo\/image\/\"}}]}<\/script>\n<!-- \/ Yoast SEO plugin. -->","yoast_head_json":{"title":"Vodice","description":"Apartmani Vodice - Moderni i udobni apartmani Vi\u0161nji\u0107 nalaze se u mirnom dijelu Vodica, 150 metara od pla\u017ee i nekoliko minuta hoda od centra mjesta.","robots":{"index":"index","follow":"follow","max-snippet":"max-snippet:-1","max-image-preview":"max-image-preview:large","max-video-preview":"max-video-preview:-1"},"canonical":"https:\/\/apartmani-visnjic.net\/hr\/vodice\/","og_locale":"hr_HR","og_type":"article","og_title":"Vodice","og_description":"Apartmani Vodice - Moderni i udobni apartmani Vi\u0161nji\u0107 nalaze se u mirnom dijelu Vodica, 150 metara od pla\u017ee i nekoliko minuta hoda od centra mjesta.","og_url":"https:\/\/apartmani-visnjic.net\/hr\/vodice\/","og_site_name":"Apartments Vodice","article_modified_time":"2015-11-16T09:23:36+00:00","og_image":[{"url":"https:\/\/apartmani-visnjic.net\/wp-content\/uploads\/2015\/05\/vodice_2-300x157.jpg"}],"twitter_card":"summary_large_image","schema":{"@context":"https:\/\/schema.org","@graph":[{"@type":"WebPage","@id":"https:\/\/apartmani-visnjic.net\/hr\/vodice\/","url":"https:\/\/apartmani-visnjic.net\/hr\/vodice\/","name":"Vodice","isPartOf":{"@id":"https:\/\/apartmani-visnjic.net\/#website"},"datePublished":"2015-04-26T08:04:29+00:00","dateModified":"2015-11-16T09:23:36+00:00","description":"Apartmani Vodice - Moderni i udobni apartmani Vi\u0161nji\u0107 nalaze se u mirnom dijelu Vodica, 150 metara od pla\u017ee i nekoliko minuta hoda od centra mjesta.","breadcrumb":{"@id":"https:\/\/apartmani-visnjic.net\/hr\/vodice\/#breadcrumb"},"inLanguage":"hr","potentialAction":[{"@type":"ReadAction","target":["https:\/\/apartmani-visnjic.net\/hr\/vodice\/"]}]},{"@type":"BreadcrumbList","@id":"https:\/\/apartmani-visnjic.net\/hr\/vodice\/#breadcrumb","itemListElement":[{"@type":"ListItem","position":1,"name":"Home","item":"https:\/\/apartmani-visnjic.net\/hr\/"},{"@type":"ListItem","position":2,"name":"Vodice"}]},{"@type":"WebSite","@id":"https:\/\/apartmani-visnjic.net\/#website","url":"https:\/\/apartmani-visnjic.net\/","name":"Apartments Vodice","description":"Private accommodation Vi\u0161nji\u0107 - Vodice, Croatia","publisher":{"@id":"https:\/\/apartmani-visnjic.net\/#organization"},"potentialAction":[{"@type":"SearchAction","target":{"@type":"EntryPoint","urlTemplate":"https:\/\/apartmani-visnjic.net\/?s={search_term_string}"},"query-input":"required name=search_term_string"}],"inLanguage":"hr"},{"@type":"Organization","@id":"https:\/\/apartmani-visnjic.net\/#organization","name":"Apartments Vi\u0161nji\u0107 - Vodice","url":"https:\/\/apartmani-visnjic.net\/","logo":{"@type":"ImageObject","inLanguage":"hr","@id":"https:\/\/apartmani-visnjic.net\/#\/schema\/logo\/image\/","url":"https:\/\/apartmani-visnjic.net\/wp-content\/uploads\/2016\/01\/logo.png","contentUrl":"https:\/\/apartmani-visnjic.net\/wp-content\/uploads\/2016\/01\/logo.png","width":670,"height":250,"caption":"Apartments Vi\u0161nji\u0107 - Vodice"},"image":{"@id":"https:\/\/apartmani-visnjic.net\/#\/schema\/logo\/image\/"}}]}},"_links":{"self":[{"href":"https:\/\/apartmani-visnjic.net\/hr\/wp-json\/wp\/v2\/pages\/640"}],"collection":[{"href":"https:\/\/apartmani-visnjic.net\/hr\/wp-json\/wp\/v2\/pages"}],"about":[{"href":"https:\/\/apartmani-visnjic.net\/hr\/wp-json\/wp\/v2\/types\/page"}],"author":[{"embeddable":true,"href":"https:\/\/apartmani-visnjic.net\/hr\/wp-json\/wp\/v2\/users\/1"}],"replies":[{"embeddable":true,"href":"https:\/\/apartmani-visnjic.net\/hr\/wp-json\/wp\/v2\/comments?post=640"}],"version-history":[{"count":0,"href":"https:\/\/apartmani-visnjic.net\/hr\/wp-json\/wp\/v2\/pages\/640\/revisions"}],"wp:attachment":[{"href":"https:\/\/apartmani-visnjic.net\/hr\/wp-json\/wp\/v2\/media?parent=640"}],"curies":[{"name":"wp","href":"https:\/\/api.w.org\/{rel}","templated":true}]}}